{"id":494,"date":"2025-05-22T19:46:28","date_gmt":"2025-05-22T17:46:28","guid":{"rendered":"https:\/\/groentetafel.nl\/?page_id=494"},"modified":"2025-05-22T19:46:28","modified_gmt":"2025-05-22T17:46:28","slug":"kookworkshops-op-maat","status":"publish","type":"page","link":"https:\/\/groentetafel.nl\/","title":{"rendered":"Kookworkshops op maat"},"content":{"rendered":"<\/p>\n\n<div class=\"aligncenter wp-block-site-logo\"><a href=\"https:\/\/groentetafel.nl\/\" class=\"custom-logo-link\" rel=\"home\"><img loading=\"lazy\" decoding=\"async\" width=\"174\" height=\"137\" src=\"https:\/\/groentetafel.nl\/wp-content\/uploads\/de-Groentetafel-logo-1.png\" class=\"custom-logo\" alt=\"de Groentetafel | Kookworkshops op maat\" srcset=\"https:\/\/groentetafel.nl\/wp-content\/uploads\/de-Groentetafel-logo-1.png 1859w, https:\/\/groentetafel.nl\/wp-content\/uploads\/de-Groentetafel-logo-1-300x236.png 300w, https:\/\/groentetafel.nl\/wp-content\/uploads\/de-Groentetafel-logo-1-1024x806.png 1024w, https:\/\/groentetafel.nl\/wp-content\/uploads\/de-Groentetafel-logo-1-768x605.png 768w, https:\/\/groentetafel.nl\/wp-content\/uploads\/de-Groentetafel-logo-1-1536x1210.png 1536w\" sizes=\"auto, (max-width: 174px) 100vw, 174px\" \/><\/a><\/div>\n\n\n<h2 class=\"wp-block-heading has-text-align-center\"><strong>Kookworkshops op maat<\/strong><\/h2>\n\n\n\n<figure class=\"wp-block-image alignwide size-full\" style=\"margin-right:2%;margin-left:2%\"><img loading=\"lazy\" decoding=\"async\" width=\"1280\" height=\"500\" src=\"https:\/\/groentetafel.nl\/wp-content\/uploads\/groentetafel-groente-kleur-1.jpg\" alt=\"\" class=\"wp-image-313\" srcset=\"https:\/\/groentetafel.nl\/wp-content\/uploads\/groentetafel-groente-kleur-1.jpg 1280w, https:\/\/groentetafel.nl\/wp-content\/uploads\/groentetafel-groente-kleur-1-300x117.jpg 300w, https:\/\/groentetafel.nl\/wp-content\/uploads\/groentetafel-groente-kleur-1-1024x400.jpg 1024w, https:\/\/groentetafel.nl\/wp-content\/uploads\/groentetafel-groente-kleur-1-768x300.jpg 768w\" sizes=\"auto, (max-width: 1280px) 100vw, 1280px\" \/><\/figure>\n\n\n\n<p class=\"has-text-align-left has-medium-font-size\" style=\"margin-top:var(--wp--preset--spacing--30);margin-right:2%;margin-bottom:var(--wp--preset--spacing--30);margin-left:2%\">De Groentetafel verzorgt work\u00adshops voor organisaties en groepen. Samen koken we heerlijke gerechten met verse ingredi\u00ebnten. Voor beginners en gevorderden, iedereen kan koken. Ontdek nieuwe recepten en smaakmakers waarmee je eindeloos kunt vari\u00ebren. Recepten die bij je passen, waardoor je met plezier in de keuken staat en met gemak iets lekkers op tafel zet.<\/p>\n\n\n\n<h2 class=\"wp-block-heading has-text-align-center\" style=\"margin-top:25px;margin-bottom:25px\"><strong>Voorbeelden van workshops<\/strong><\/h2>\n\n\n\n<div class=\"wp-block-columns is-layout-flex wp-container-core-columns-is-layout-66f7f32b wp-block-columns-is-layout-flex\" style=\"padding-right:2%;padding-left:2%\">\n<div class=\"wp-block-column has-contrast-color has-text-color has-link-color has-medium-font-size wp-elements-8e366f95c0cf91f93fc597c08b3332c8 is-layout-flow wp-block-column-is-layout-flow\">\n<figure class=\"wp-block-image size-full\"><img loading=\"lazy\" decoding=\"async\" width=\"1024\" height=\"780\" src=\"https:\/\/groentetafel.nl\/wp-content\/uploads\/Groentemaaltijd-nieuw.jpg\" alt=\"\" class=\"wp-image-407\" srcset=\"https:\/\/groentetafel.nl\/wp-content\/uploads\/Groentemaaltijd-nieuw.jpg 1024w, https:\/\/groentetafel.nl\/wp-content\/uploads\/Groentemaaltijd-nieuw-300x229.jpg 300w, https:\/\/groentetafel.nl\/wp-content\/uploads\/Groentemaaltijd-nieuw-768x585.jpg 768w\" sizes=\"auto, (max-width: 1024px) 100vw, 1024px\" \/><\/figure>\n\n\n\n<h2 class=\"wp-block-heading has-text-align-center has-large-font-size\"><strong>Workshop voor kookvrijwilligers<\/strong><\/h2>\n\n\n\n<p class=\"has-text-align-left has-medium-font-size\">Om gezonde variatie te brengen in de dagelijkse maaltijden en nieuwe favorieten te ontdekken. Deze workshop is speciaal voor vrijwilligers die met en voor anderen koken. We bereiden smakelijke maaltijden met verse ingredi\u00ebnten, waarbij we het budget in de gaten houden. Zo kookte de Groentetafel in de Silogemeente met vrijwilligers voor 35 gasten een heerlijk drie gangen menu, de recepten gingen mee naar huis.<\/p>\n\n\n\n<blockquote class=\"wp-block-quote is-layout-flow wp-block-quote-is-layout-flow\">\n<p class=\"has-medium-font-size\"><em>&#8220;Volgende keer doen we weer mee!&#8221;<\/em> &#8211; kookvrijwilliger<\/p>\n<\/blockquote>\n<\/div>\n\n\n\n<div class=\"wp-block-column is-layout-flow wp-block-column-is-layout-flow\">\n<figure class=\"wp-block-image size-full\"><img loading=\"lazy\" decoding=\"async\" width=\"1024\" height=\"780\" src=\"https:\/\/groentetafel.nl\/wp-content\/uploads\/Feestelijke-crackers.jpg\" alt=\"\" class=\"wp-image-302\" srcset=\"https:\/\/groentetafel.nl\/wp-content\/uploads\/Feestelijke-crackers.jpg 1024w, https:\/\/groentetafel.nl\/wp-content\/uploads\/Feestelijke-crackers-300x229.jpg 300w, https:\/\/groentetafel.nl\/wp-content\/uploads\/Feestelijke-crackers-768x585.jpg 768w\" sizes=\"auto, (max-width: 1024px) 100vw, 1024px\" \/><\/figure>\n\n\n\n<h2 class=\"wp-block-heading has-text-align-center has-large-font-size\"><strong>Vegan High Tea workshop<\/strong><\/h2>\n\n\n\n<p class=\"has-text-align-left has-medium-font-size\">Een uitbundige middag met een groep vriendinnen met doofblindheid en ieder een eigen tolk. Er is iets te vieren! Ontvangst met perenbrood en daarna aan de slag met verrassende recepten, zowel hartig als zoet. De borden mooi opmaken met eetbare bloemen. Dan samen aan tafel proeven en bijpraten. Een feestelijke middag om nog lang van na te genieten.<\/p>\n\n\n\n<blockquote class=\"wp-block-quote is-layout-flow wp-block-quote-is-layout-flow\">\n<p class=\"has-text-align-left has-medium-font-size\"><em>&#8220;Bedankt voor de geweldige workshop! Fijne energie, geduldig en met hele leuke uitleg!&#8221;<\/em>&#8211; deelnemer&nbsp;<\/p>\n<\/blockquote>\n<\/div>\n\n\n\n<div class=\"wp-block-column is-layout-flow wp-block-column-is-layout-flow\">\n<figure class=\"wp-block-image size-full\"><img loading=\"lazy\" decoding=\"async\" width=\"1024\" height=\"780\" src=\"https:\/\/groentetafel.nl\/wp-content\/uploads\/Perenbrood.jpg\" alt=\"\" class=\"wp-image-306\" srcset=\"https:\/\/groentetafel.nl\/wp-content\/uploads\/Perenbrood.jpg 1024w, https:\/\/groentetafel.nl\/wp-content\/uploads\/Perenbrood-300x229.jpg 300w, https:\/\/groentetafel.nl\/wp-content\/uploads\/Perenbrood-768x585.jpg 768w\" sizes=\"auto, (max-width: 1024px) 100vw, 1024px\" \/><\/figure>\n\n\n\n<h2 class=\"wp-block-heading has-text-align-center has-large-font-size\"><strong>Plants for Health kookworkshop<\/strong><\/h2>\n\n\n\n<p class=\"has-medium-font-size\">Met een wetenschappelijk bewezen effectief leefstijlprogramma helpt <a href=\"https:\/\/plants-for-health.nl\/\" data-type=\"link\" data-id=\"https:\/\/plants-for-health.nl\/\">Plants for Health<\/a> mensen met een chronische aandoening meer grip te krijgen op hun gezondheid. Deze aanpak is effectief bij reumato\u00efde artritis, artrose en hart- en vaatziekten. In deze workshop delen deelnemers ervaringen en tips. Vervolgens proeven en koken we 10 recepten en gaan uitgebreid in op smaakmakers en de samenstelling van een gezonde maaltijd.<\/p>\n\n\n\n<blockquote class=\"wp-block-quote is-layout-flow wp-block-quote-is-layout-flow\">\n<p class=\"has-text-align-left has-medium-font-size\"><em>&#8220;Ik hou eigenlijk niet van koken, maar je enthousiasme is zo aanstekelijk dat ik er ook plezier in krijg!&#8221;<\/em>&#8211; deelnemer&nbsp;<\/p>\n<\/blockquote>\n<\/div>\n\n\n\n<div class=\"wp-block-column is-layout-flow wp-block-column-is-layout-flow\">\n<figure class=\"wp-block-image size-full\"><img loading=\"lazy\" decoding=\"async\" width=\"1024\" height=\"780\" src=\"https:\/\/groentetafel.nl\/wp-content\/uploads\/Koken-op-scholen.jpg\" alt=\"\" class=\"wp-image-304\" srcset=\"https:\/\/groentetafel.nl\/wp-content\/uploads\/Koken-op-scholen.jpg 1024w, https:\/\/groentetafel.nl\/wp-content\/uploads\/Koken-op-scholen-300x229.jpg 300w, https:\/\/groentetafel.nl\/wp-content\/uploads\/Koken-op-scholen-768x585.jpg 768w\" sizes=\"auto, (max-width: 1024px) 100vw, 1024px\" \/><\/figure>\n\n\n\n<h2 class=\"wp-block-heading has-text-align-center has-large-font-size\"><strong>Kooklessen op school<\/strong><\/h2>\n\n\n\n<p class=\"has-medium-font-size\">Samen koken is ideaal om met kinderen onderwerpen op een luchtige manier te bespreken en sociale vaardigheden te oefenen. Voor een basisschool verzorgden we 5 wekelijkse kooklessen. Kinderen nemen recepten en een deel van wat ze gemaakt hebben mee naar huis en krijgen enthousiaste reacties. Als afsluiting van de serie kooklessen krijgen ouders de kans om zelf ook een handje mee te helpen in de keuken.<\/p>\n\n\n\n<blockquote class=\"wp-block-quote is-layout-flow wp-block-quote-is-layout-flow\">\n<p class=\"has-medium-font-size\"><em>&#8220;Echt iedereen vindt het lekker!&#8221;<\/em> &#8211; leerkracht<\/p>\n<\/blockquote>\n<\/div>\n<\/div>\n\n\n<p><\/br><\/p>\n\n\n<h2 class=\"wp-block-heading has-text-align-center\"><strong>Over<\/strong><\/h2>\n\n\n\n<div class=\"wp-block-columns is-layout-flex wp-container-core-columns-is-layout-28f84493 wp-block-columns-is-layout-flex\">\n<div class=\"wp-block-column is-layout-flow wp-block-column-is-layout-flow\" style=\"flex-basis:33.33%\">\n<figure class=\"wp-block-image size-large\" style=\"margin-right:10%;margin-left:10%\"><img loading=\"lazy\" decoding=\"async\" width=\"1024\" height=\"559\" src=\"https:\/\/groentetafel.nl\/wp-content\/uploads\/Jacqueline-de-Groentetafel-nieuwer-1-1024x559.jpg\" alt=\"\" class=\"wp-image-397\" srcset=\"https:\/\/groentetafel.nl\/wp-content\/uploads\/Jacqueline-de-Groentetafel-nieuwer-1-1024x559.jpg 1024w, https:\/\/groentetafel.nl\/wp-content\/uploads\/Jacqueline-de-Groentetafel-nieuwer-1-300x164.jpg 300w, https:\/\/groentetafel.nl\/wp-content\/uploads\/Jacqueline-de-Groentetafel-nieuwer-1-768x419.jpg 768w, https:\/\/groentetafel.nl\/wp-content\/uploads\/Jacqueline-de-Groentetafel-nieuwer-1-1536x838.jpg 1536w, https:\/\/groentetafel.nl\/wp-content\/uploads\/Jacqueline-de-Groentetafel-nieuwer-1-2048x1118.jpg 2048w\" sizes=\"auto, (max-width: 1024px) 100vw, 1024px\" \/><\/figure>\n<\/div>\n\n\n\n<div class=\"wp-block-column is-layout-flow wp-block-column-is-layout-flow\" style=\"flex-basis:66.66%\">\n<p class=\"has-medium-font-size\" style=\"margin-right:2%;margin-left:2%;padding-top:0;padding-right:0;padding-bottom:0;padding-left:0\">Jacqueline is kookdocent en eigenaar van de Groentetafel. Ze werkte samen met lokale boeren om lupinebonen in Nederland op de kaart te zetten. Verzorgde workshops voor chef-koks, sportclubs, burgerbars, bakkers \u00e9n een ziekenhuis, allemaal met \u00e9\u00e9n doel: meer smakelijke plantaardige gerechten op het menu. Daarnaast kookte ze jarenlang voor markten en evenementen. Haar werk bij <a href=\"https:\/\/madeinhackney.org\/\">Made In Hackney<\/a>, een community-kookschool in Londen, inspireerde haar om ook in Utrecht kookworkshops te organiseren. Ze leert mensen met plezier koken met gezonde, verse en betaalbare ingredi\u00ebnten.<\/p>\n<\/div>\n<\/div>\n\n\n<p><\/br><\/p>\n\n\n<h2 class=\"wp-block-heading alignwide has-text-align-center\"><strong>Inspiratie<\/strong><\/h2>\n\n\n\n<p class=\"has-text-align-left has-medium-font-size\" style=\"margin-top:25px;margin-right:2%;margin-bottom:25px;margin-left:2%\">Dagelijks koken brengt rust, er komen nieuwe idee\u00ebn op en je voelt je fitter. Genieten van smaken en geuren, snijden en roeren, de voorpret van de maaltijd. Je eet vaker als lunch een restje van de vorige dag, gewoon omdat het zo goed smaakt.<\/p>\n\n\n\n<figure class=\"wp-block-gallery alignwide has-nested-images columns-6 is-cropped wp-block-gallery-1 is-layout-flex wp-block-gallery-is-layout-flex\" style=\"border-style:none;border-width:0px;border-radius:0px;margin-top:0px;margin-right:2%;margin-bottom:0px;margin-left:2%\">\n<figure class=\"wp-block-image size-full\"><img loading=\"lazy\" decoding=\"async\" width=\"1024\" height=\"780\" data-id=\"305\" src=\"https:\/\/groentetafel.nl\/wp-content\/uploads\/sinaasappelijs-met-koolzaadbloemen.jpg\" alt=\"\" class=\"wp-image-305\" srcset=\"https:\/\/groentetafel.nl\/wp-content\/uploads\/sinaasappelijs-met-koolzaadbloemen.jpg 1024w, https:\/\/groentetafel.nl\/wp-content\/uploads\/sinaasappelijs-met-koolzaadbloemen-300x229.jpg 300w, https:\/\/groentetafel.nl\/wp-content\/uploads\/sinaasappelijs-met-koolzaadbloemen-768x585.jpg 768w\" sizes=\"auto, (max-width: 1024px) 100vw, 1024px\" \/><figcaption class=\"wp-element-caption\">Sinaasappel ijs<\/figcaption><\/figure>\n\n\n\n<figure class=\"wp-block-image size-full\"><img loading=\"lazy\" decoding=\"async\" width=\"1024\" height=\"780\" data-id=\"307\" src=\"https:\/\/groentetafel.nl\/wp-content\/uploads\/Geroosterde-aubergine.jpg\" alt=\"\" class=\"wp-image-307\" srcset=\"https:\/\/groentetafel.nl\/wp-content\/uploads\/Geroosterde-aubergine.jpg 1024w, https:\/\/groentetafel.nl\/wp-content\/uploads\/Geroosterde-aubergine-300x229.jpg 300w, https:\/\/groentetafel.nl\/wp-content\/uploads\/Geroosterde-aubergine-768x585.jpg 768w\" sizes=\"auto, (max-width: 1024px) 100vw, 1024px\" \/><figcaption class=\"wp-element-caption\">Geroosterde aubergine<\/figcaption><\/figure>\n\n\n\n<figure class=\"wp-block-image size-full\"><img loading=\"lazy\" decoding=\"async\" width=\"1024\" height=\"780\" data-id=\"308\" src=\"https:\/\/groentetafel.nl\/wp-content\/uploads\/Pittige-tofu.jpg\" alt=\"\" class=\"wp-image-308\" srcset=\"https:\/\/groentetafel.nl\/wp-content\/uploads\/Pittige-tofu.jpg 1024w, https:\/\/groentetafel.nl\/wp-content\/uploads\/Pittige-tofu-300x229.jpg 300w, https:\/\/groentetafel.nl\/wp-content\/uploads\/Pittige-tofu-768x585.jpg 768w\" sizes=\"auto, (max-width: 1024px) 100vw, 1024px\" \/><figcaption class=\"wp-element-caption\">Pittige tofu<\/figcaption><\/figure>\n\n\n\n<figure class=\"wp-block-image size-full\"><img loading=\"lazy\" decoding=\"async\" width=\"1024\" height=\"780\" data-id=\"309\" src=\"https:\/\/groentetafel.nl\/wp-content\/uploads\/lupineburger.jpg\" alt=\"\" class=\"wp-image-309\" srcset=\"https:\/\/groentetafel.nl\/wp-content\/uploads\/lupineburger.jpg 1024w, https:\/\/groentetafel.nl\/wp-content\/uploads\/lupineburger-300x229.jpg 300w, https:\/\/groentetafel.nl\/wp-content\/uploads\/lupineburger-768x585.jpg 768w\" sizes=\"auto, (max-width: 1024px) 100vw, 1024px\" \/><figcaption class=\"wp-element-caption\">Kerrieburger<\/figcaption><\/figure>\n\n\n\n<figure class=\"wp-block-image size-full\"><img loading=\"lazy\" decoding=\"async\" width=\"1024\" height=\"780\" data-id=\"310\" src=\"https:\/\/groentetafel.nl\/wp-content\/uploads\/Wildpluksoep.jpg\" alt=\"\" class=\"wp-image-310\" srcset=\"https:\/\/groentetafel.nl\/wp-content\/uploads\/Wildpluksoep.jpg 1024w, https:\/\/groentetafel.nl\/wp-content\/uploads\/Wildpluksoep-300x229.jpg 300w, https:\/\/groentetafel.nl\/wp-content\/uploads\/Wildpluksoep-768x585.jpg 768w\" sizes=\"auto, (max-width: 1024px) 100vw, 1024px\" \/><figcaption class=\"wp-element-caption\">Wildpluksoep<\/figcaption><\/figure>\n\n\n\n<figure class=\"wp-block-image size-full\"><img loading=\"lazy\" decoding=\"async\" width=\"1024\" height=\"780\" data-id=\"311\" src=\"https:\/\/groentetafel.nl\/wp-content\/uploads\/spread.jpg\" alt=\"\" class=\"wp-image-311\" srcset=\"https:\/\/groentetafel.nl\/wp-content\/uploads\/spread.jpg 1024w, https:\/\/groentetafel.nl\/wp-content\/uploads\/spread-300x229.jpg 300w, https:\/\/groentetafel.nl\/wp-content\/uploads\/spread-768x585.jpg 768w\" sizes=\"auto, (max-width: 1024px) 100vw, 1024px\" \/><figcaption class=\"wp-element-caption\">Lupinespread<\/figcaption><\/figure>\n<\/figure>\n\n\n<p><\/br><\/p>\n\n\n<h2 class=\"wp-block-heading alignwide has-text-align-center\" style=\"margin-top:20px;margin-bottom:20px\"><strong>Contact<\/strong><\/h2>\n\n\n\n<p class=\"has-text-align-center has-medium-font-size\" style=\"margin-top:0px;margin-right:8px;margin-bottom:0px;margin-left:8px\">Zin in een kookworkshop voor jouw organisatie of groep? <br>Neem vrijblijvend contact op en ontdek wat er allemaal mogelijk is. <\/p>\n\n\n\n<p class=\"has-text-align-center\"><strong><a href=\"&#x6d;&#x61;&#x69;&#x6c;&#116;&#111;:in&#x66;&#x6f;&#x40;&#x67;&#114;&#111;ent&#x65;&#x74;&#x61;&#x66;&#101;&#108;&#46;nl\">&#105;&#110;&#x66;o&#64;&#x67;&#x72;o&#101;&#x6e;&#x74;e&#116;&#x61;f&#101;&#x6c;&#x2e;n&#108;<\/a><\/strong><\/p>\n\n\n\n<p><\/p>\n","protected":false},"excerpt":{"rendered":"<p>Kookworkshops op maat De Groentetafel verzorgt work\u00adshops voor organisaties en groepen. Samen koken we heerlijke gerechten met verse ingredi\u00ebnten. Voor beginners en gevorderden, iedereen kan koken. Ontdek nieuwe recepten en smaakmakers waarmee je eindeloos kunt vari\u00ebren. Recepten die bij je passen, waardoor je met plezier in de keuken staat en met gemak iets lekkers op [&hellip;]<\/p>\n","protected":false},"author":1,"featured_media":0,"parent":0,"menu_order":0,"comment_status":"closed","ping_status":"closed","template":"","meta":{"footnotes":""},"class_list":["post-494","page","type-page","status-publish","hentry"],"_links":{"self":[{"href":"https:\/\/groentetafel.nl\/index.php?rest_route=\/wp\/v2\/pages\/494","targetHints":{"allow":["GET"]}}],"collection":[{"href":"https:\/\/groentetafel.nl\/index.php?rest_route=\/wp\/v2\/pages"}],"about":[{"href":"https:\/\/groentetafel.nl\/index.php?rest_route=\/wp\/v2\/types\/page"}],"author":[{"embeddable":true,"href":"https:\/\/groentetafel.nl\/index.php?rest_route=\/wp\/v2\/users\/1"}],"replies":[{"embeddable":true,"href":"https:\/\/groentetafel.nl\/index.php?rest_route=%2Fwp%2Fv2%2Fcomments&post=494"}],"version-history":[{"count":1,"href":"https:\/\/groentetafel.nl\/index.php?rest_route=\/wp\/v2\/pages\/494\/revisions"}],"predecessor-version":[{"id":495,"href":"https:\/\/groentetafel.nl\/index.php?rest_route=\/wp\/v2\/pages\/494\/revisions\/495"}],"wp:attachment":[{"href":"https:\/\/groentetafel.nl\/index.php?rest_route=%2Fwp%2Fv2%2Fmedia&parent=494"}],"curies":[{"name":"wp","href":"https:\/\/api.w.org\/{rel}","templated":true}]}}